{"id":345,"date":"2024-11-25T17:50:24","date_gmt":"2024-11-25T17:50:24","guid":{"rendered":"https:\/\/arbolesdenavidadgt.com\/?page_id=345"},"modified":"2025-10-09T17:56:19","modified_gmt":"2025-10-09T17:56:19","slug":"contactenos","status":"publish","type":"page","link":"https:\/\/arbolesdenavidadgt.com\/index.php\/contactenos\/","title":{"rendered":"CONTACTENOS"},"content":{"rendered":"\t\t<div data-elementor-type=\"wp-page\" data-elementor-id=\"345\" class=\"elementor elementor-345\">\n\t\t\t\t\t\t<section class=\"elementor-section elementor-top-section elementor-element elementor-element-42d45b9 elementor-section-boxed elementor-section-height-default elementor-section-height-default\" data-id=\"42d45b9\" data-element_type=\"section\">\n\t\t\t\t\t\t<div class=\"elementor-container elementor-column-gap-default\">\n\t\t\t\t\t<div class=\"elementor-column elementor-col-100 elementor-top-column elementor-element elementor-element-6c0de5c\" data-id=\"6c0de5c\" data-element_type=\"column\">\n\t\t\t<div class=\"elementor-widget-wrap elementor-element-populated\">\n\t\t\t\t\t\t<div class=\"elementor-element elementor-element-a0fda91 elementor-widget elementor-widget-html\" data-id=\"a0fda91\" data-element_type=\"widget\" data-widget_type=\"html.default\">\n\t\t\t\t<div class=\"elementor-widget-container\">\n\t\t\t<div style=\"max-width:600px; margin:auto; text-align:center; font-family:'Poppins', Arial, sans-serif; color:#333;\">\r\n  <h2 style=\"color:#007b5e; font-size:28px; margin-bottom:10px;\">\ud83d\udcde Cont\u00e1ctenos<\/h2>\r\n  <p style=\"font-size:16px; line-height:1.6;\">\r\n    \u00bfTienes alguna pregunta o necesitas m\u00e1s informaci\u00f3n?<br>\r\n    Estamos aqu\u00ed para ayudarte. Puedes comunicarte con nosotros a trav\u00e9s de los siguientes medios:\r\n  <\/p>\r\n\r\n  <div style=\"margin-top:20px; font-size:17px;\">\r\n    <p>\ud83d\udcf1 <strong>WhatsApp:<\/strong> \r\n      <a href=\"https:\/\/wa.me\/50247731982\" target=\"_blank\" rel=\"noopener\" style=\"color:#007b5e; text-decoration:none;\">\r\n        4773-1982\r\n      <\/a>\r\n    <\/p>\r\n   \r\n\r\n  <\/div>\r\n\r\n  <hr style=\"margin:25px auto; width:60%; border:1px solid #ccc;\">\r\n\r\n  <p style=\"font-size:15px; color:#555;\">\r\n    Nuestro equipo responder\u00e1 tus mensajes lo antes posible.<br>\r\n\r\n  <\/p>\r\n<\/div>\r\n\t\t<\/div>\n\t\t\t\t<\/div>\n\t\t\t\t\t<\/div>\n\t\t<\/div>\n\t\t\t\t\t<\/div>\n\t\t<\/section>\n\t\t\t\t<\/div>\n\t\t","protected":false},"excerpt":{"rendered":"<p>\ud83d\udcde Cont\u00e1ctenos \u00bfTienes alguna pregunta o necesitas m\u00e1s informaci\u00f3n? Estamos aqu\u00ed para ayudarte. Puedes comunicarte con nosotros a trav\u00e9s de los siguientes medios: \ud83d\udcf1 WhatsApp: 4773-1982 Nuestro equipo responder\u00e1 tus mensajes lo antes posible.<\/p>\n","protected":false},"author":1,"featured_media":0,"parent":0,"menu_order":0,"comment_status":"closed","ping_status":"closed","template":"","meta":{"footnotes":""},"class_list":["post-345","page","type-page","status-publish","hentry"],"jetpack_sharing_enabled":true,"_links":{"self":[{"href":"https:\/\/arbolesdenavidadgt.com\/index.php\/wp-json\/wp\/v2\/pages\/345","targetHints":{"allow":["GET"]}}],"collection":[{"href":"https:\/\/arbolesdenavidadgt.com\/index.php\/wp-json\/wp\/v2\/pages"}],"about":[{"href":"https:\/\/arbolesdenavidadgt.com\/index.php\/wp-json\/wp\/v2\/types\/page"}],"author":[{"embeddable":true,"href":"https:\/\/arbolesdenavidadgt.com\/index.php\/wp-json\/wp\/v2\/users\/1"}],"replies":[{"embeddable":true,"href":"https:\/\/arbolesdenavidadgt.com\/index.php\/wp-json\/wp\/v2\/comments?post=345"}],"version-history":[{"count":5,"href":"https:\/\/arbolesdenavidadgt.com\/index.php\/wp-json\/wp\/v2\/pages\/345\/revisions"}],"predecessor-version":[{"id":376,"href":"https:\/\/arbolesdenavidadgt.com\/index.php\/wp-json\/wp\/v2\/pages\/345\/revisions\/376"}],"wp:attachment":[{"href":"https:\/\/arbolesdenavidadgt.com\/index.php\/wp-json\/wp\/v2\/media?parent=345"}],"curies":[{"name":"wp","href":"https:\/\/api.w.org\/{rel}","templated":true}]}}